{"id":87,"date":"2019-10-28T21:14:03","date_gmt":"2019-10-28T20:14:03","guid":{"rendered":"http:\/\/www.randalf.cz\/4plus\/?post_type=product&#038;p=87"},"modified":"2019-10-28T23:40:36","modified_gmt":"2019-10-28T22:40:36","slug":"mig-19s-farmer-c-varsavska-smlouva","status":"publish","type":"product","link":"https:\/\/www.randalf.cz\/4plus\/produkt\/mig-19s-farmer-c-varsavska-smlouva\/","title":{"rendered":"MiG-19S Farmer C &#8218;Var\u0161avsk\u00e1 smlouva&#8216;"},"content":{"rendered":"<p>MiG-19 byl prvn\u00edm sov\u011btsk\u00fdm nadzvukov\u00fdm letounem vyvinut\u00fdm za\u010d\u00e1tkem 50. let. Fin\u00e1ln\u00ed varianta denn\u00edho st\u00edha\u010de \u2013 MiG-19S \u2013 znamenala pro tehdej\u0161\u00ed sov\u011btsk\u00e9 vojensk\u00e9 letectvo skute\u010dn\u00fd krok vp\u0159ed v porovn\u00e1n\u00ed se st\u00edhac\u00edmi letounem jin\u00fdch sv\u011btov\u00fdch konstruk\u010dn\u00edch kancel\u00e1\u0159\u00ed a umo\u017enila mu praktick\u00e9 vyu\u017eit\u00ed radaru a \u0159\u00edzen\u00fdch raket. Byl to jednom\u00edstn\u00fd, celokovov\u00fd st\u0159edoplo\u0161n\u00edk poh\u00e1n\u011bn\u00fd dv\u011bma motory Mikulin RB-9B, konstruovan\u00fd pro st\u00edh\u00e1n\u00ed, p\u0159\u00edmou leteckou podporu a v omezen\u00e9 m\u00ed\u0159e ur\u010den\u00fd i pro pln\u011bn\u00ed st\u00edhac\u00edch-bombardovac\u00edch \u00fakol\u016f.<\/p>\n<p>MiGy 19S byly dod\u00e1ny jen t\u0159em letectv\u016fm st\u00e1t\u016f b\u00fdval\u00e9 Var\u0161avsk\u00e9 smlouvy: Bulharsku, NDR a \u010ceskoslovensku. U n\u00e1s byla tato verze vyr\u00e1b\u011bna v Aeru Vodochody pod ozna\u010den\u00edm S-105. Dal\u0161\u00ed letouny verze \u201eS\u201c byly Sov\u011btsk\u00fdm svazem exportov\u00e1ny do Afg\u00e1nist\u00e1nu, st\u00e1t\u016f Ligy arabsk\u00fdch n\u00e1rod\u016f (Egypt a S\u00fdrie), Indon\u00e9sie, Ir\u00e1ku, Severn\u00ed Koreje, Severn\u00edho Vietnamu. \u0158ada jin\u00fdch st\u00e1t\u016f obdr\u017eela MiGy 19S (s ozna\u010den\u00edm F-6) vyroben\u00e9 v licenci v \u010c\u00edn\u011b, kter\u00e1 je zavedla jako st\u00edha\u010de J-6.<\/p>\n<table border=\"0\" cellspacing=\"5\" cellpadding=\"5\">\n<tbody>\n<tr>\n<td><strong>Barevn\u00e1 sch\u00e9mata obsa\u017een\u00e1 ve stavebnici:<\/strong><\/p>\n<p>1) MiG-19S (S-105) Farmer C, \u010dern\u00e1 0103 (v.\u010d. 950103), 1. letka 9. slp, vojensk\u00e9 letectvo \u010cSLA, z\u00e1kladna Bechyn\u011b, \u010derven 1961<\/p>\n<p>2) MiG-19S Farmer C, modr\u00e1 36, Vojensk\u00e9 vzdu\u0161n\u00e9 s\u00edly SSSR (\u0412\u043e\u0435\u043d\u043d\u043e-\u0432\u043e\u0437\u0434\u0443\u0448\u043d\u044b\u0435 \u0441\u0438\u043b\u044b \u0421\u0421\u0421\u0420), v\u00fdchodn\u00ed N\u011bmecko, 1960<\/p>\n<p>3) MiG-19S Farmer C, \u010derven\u00e1 495 (v.\u010d. 61211225), 1\/JG-3 (1. Staffel Jagdfliegergeschwader 3) \u2018Wladimir Komarow\u2019, v\u00fdchodon\u011bmeck\u00e9 vojensk\u00e9 letectvo (LSK\/LV DDR \u2013 Luftstreitkr\u00e4fte und Luftverteidigung der DDR), z\u00e1kladna Preschen, Brandenburg, 1967<\/p>\n<p>4) MiG-19S Farmer C, \u010derven\u00e1 11, 19. IAP, bulharsk\u00e9 vojensk\u00e9 letectvo (Bolgarski Vojenno Vozdu\u0161ni Sily), z\u00e1kladna Graf Ignat\u011bvo, 1958<\/td>\n<\/tr>\n<\/tbody>\n<\/table>\n<div id=\"hzImg\" style=\"border: 1px solid #e3e3e3; line-height: 0; overflow: hidden; padding: 2px; margin: 0px; position: absolute; z-index: 2147483647; border-radius: 3px; background: -webkit-gradient(linear, 0% 0%, 100% 100%, from(#ffffff), to(#ededed), color-stop(0.5, #ffffff)); box-shadow: rgba(0, 0, 0, 0.46) 3px 3px 6px; opacity: 1; top: 0px; left: 0px; cursor: none; display: none;\"><\/div>\n<p><!--\n[ngg src=\"tags\" ids=\"14401,MiG-19\" display=\"basic_thumbnail\" thumbnail_crop=\"0\"]\n--><\/p>\n","protected":false},"excerpt":{"rendered":"<p>Stavebnice obsahuje 27 plastov\u00fdch d\u00edl\u016f, 1 d\u00edl z \u010dir\u00e9ho plastu (kabinka) a 4 d\u00edly odlit\u00e9 z prysky\u0159ice (resin). P\u0159ilo\u017een je n\u00e1vod a obtiskov\u00fd ar\u0161\u00edk.<\/p>\n","protected":false},"featured_media":101,"comment_status":"closed","ping_status":"closed","template":"","meta":[],"product_cat":[19],"product_tag":[27],"class_list":{"0":"post-87","1":"product","2":"type-product","3":"status-publish","4":"has-post-thumbnail","6":"product_cat-kit","7":"product_tag-kits","9":"first","10":"instock","11":"shipping-taxable","12":"product-type-simple"},"jetpack_sharing_enabled":true,"_links":{"self":[{"href":"https:\/\/www.randalf.cz\/4plus\/wp-json\/wp\/v2\/product\/87"}],"collection":[{"href":"https:\/\/www.randalf.cz\/4plus\/wp-json\/wp\/v2\/product"}],"about":[{"href":"https:\/\/www.randalf.cz\/4plus\/wp-json\/wp\/v2\/types\/product"}],"replies":[{"embeddable":true,"href":"https:\/\/www.randalf.cz\/4plus\/wp-json\/wp\/v2\/comments?post=87"}],"wp:featuredmedia":[{"embeddable":true,"href":"https:\/\/www.randalf.cz\/4plus\/wp-json\/wp\/v2\/media\/101"}],"wp:attachment":[{"href":"https:\/\/www.randalf.cz\/4plus\/wp-json\/wp\/v2\/media?parent=87"}],"wp:term":[{"taxonomy":"product_cat","embeddable":true,"href":"https:\/\/www.randalf.cz\/4plus\/wp-json\/wp\/v2\/product_cat?post=87"},{"taxonomy":"product_tag","embeddable":true,"href":"https:\/\/www.randalf.cz\/4plus\/wp-json\/wp\/v2\/product_tag?post=87"}],"curies":[{"name":"wp","href":"https:\/\/api.w.org\/{rel}","templated":true}]}}